{"id":35,"date":"2023-05-13T23:12:34","date_gmt":"2023-05-13T21:12:34","guid":{"rendered":"http:\/\/opatou.com\/?page_id=35"},"modified":"2025-10-31T19:09:22","modified_gmt":"2025-10-31T18:09:22","slug":"accueil","status":"publish","type":"page","link":"https:\/\/opatou.com\/","title":{"rendered":"Accueil"},"content":{"rendered":"\n<div class=\"wp-block-cover alignfull is-light hestia-clear-top-padding\"><span aria-hidden=\"true\" class=\"wp-block-cover__background has-white-background-color has-background-dim-100 has-background-dim\"><\/span><div class=\"wp-block-cover__inner-container\">\n<p>Opatou vous accompagne pour devenir un v\u00e9ritable professionnel\u00a0<strong>AGILE\u00a0<\/strong>gr\u00e2ce \u00e0 nos accompagnements, nos formations, notre offre de service et nos outils en ligne :<\/p>\n\n\n\n<ul>\n<li>Mise en place des OKR et des m\u00e9canismes de pilotage et ajustement\n<ul>\n<li>Objectif : Piloter la strat\u00e9gie et aligner toutes les \u00e9quipes, et s&#8217;adapter rapidement \u00e0 la r\u00e9alit\u00e9 du terrain <\/li>\n\n\n\n<li>Les OKR sont bien plus que le pilotage par des objectifs, c&#8217;est une v\u00e9ritable m\u00e9thode qui permet alignement et adaptabilit\u00e9 tout en lib\u00e9rant l&#8217;\u00e9nergie vitale et cr\u00e9atrice des \u00e9quipes<\/li>\n\n\n\n<li>C&#8217;est une m\u00e9thode compl\u00e8te qui se d\u00e9ploie du sommet de l&#8217;organisation jusqu&#8217;aux \u00e9quipes op\u00e9rationnelles<\/li>\n\n\n\n<li>B\u00e9n\u00e9fices : collaboration des \u00e9quipes \u00e0 l&#8217;atteinte des objectifs au lieu d&#8217;une comp\u00e9tition interne, am\u00e9lioration des r\u00e9sultats business, et capacit\u00e9 d&#8217;adaptation accrue. Donne du sens et lib\u00e8re les \u00e9nergies des \u00e9quipes, augmente la collaboration, apporte de la transparence<\/li>\n<\/ul>\n<\/li>\n\n\n\n<li>Accompagnent \u00e0 la mise en place d&#8217;une gestion de portefeuille de projets\n<ul>\n<li>Objectif : Prioriser les bons projets, arr\u00eater les initiatives sans avenir et investir sur ce qui compte et \u00e9tablir des roadmaps claire qui favorisent les projets au plus forts impacts. <\/li>\n\n\n\n<li>Quelle que soit la m\u00e9thode (agile ou classique) vous avez besoin de planifier vos projets et de tenir compte des enjeux business (march\u00e9, concurrence) <\/li>\n\n\n\n<li>D\u00e9finissez vos &#8220;Working Skelethons&#8221;, vos MVP, MMP et MMF et construisez vos roadmap sur la base des enjeux business<\/li>\n\n\n\n<li>Mettez en place une comitologie avec les responsables m\u00e9tiers et techniques pour prioriser les bons sujets, et ajuster r\u00e9guli\u00e8rement<\/li>\n\n\n\n<li>Mettre en place une gestion complexe des demandes en faisant les choix pour prioriser les besoins les plus importants et sortir rapidement les projets essentiels, plut\u00f4t que tout commencer et ne terminer trop tard des projets devenus d\u00e9j\u00e0 obsol\u00e8tes<\/li>\n\n\n\n<li>B\u00e9n\u00e9fice : augmenter votre impact, concentrez votre \u00e9nergie et vos budgets sur les bons sujets<\/li>\n<\/ul>\n<\/li>\n\n\n\n<li>Sarter Kit : \n<ul>\n<li>Objectif : Lancer une \u00e9quipe en 15 jours de prestation, du d\u00e9but au projet aux premiers sprints  <\/li>\n\n\n\n<li>formation, vision, roadmap et release plan, charte d&#8217;\u00e9quipe, backlog de Produit, d\u00e9finir le backlog &#8220;Pr\u00eat&#8221; du premier sprint, d\u00e9finition de Termin\u00e9, clarification des r\u00f4les, pratiques DevOps<\/li>\n\n\n\n<li>Designer vos espace de travail en pr\u00e9sentiel et mettre en place les outils num\u00e9riques pour le travail \u00e0 distance<\/li>\n\n\n\n<li>Tout pour commencer et un accompagnement sur plusieurs sprint pour accompagner les premi\u00e8res r\u00e9unions et suivre les progr\u00e8s avec des plans d&#8217;action concrets<\/li>\n\n\n\n<li>B\u00e9n\u00e9fices : cr\u00e9er un alignement des m\u00e9tiers, du management et de l&#8217;\u00e9quipe d\u00e8s le d\u00e9but du projet; clarifier le fonctionnement de l&#8217;\u00e9quipe en interne et avec les parties prenantes; avoir un support disponible dans la dur\u00e9e, sans un coach \u00e0 plein temps : Qualit\u00e9, Efficacit\u00e9, R\u00e9silience, Clart\u00e9<\/li>\n<\/ul>\n<\/li>\n\n\n\n<li>Int\u00e9grer l&#8217;IA \u00e0 vos projets de d\u00e9veloppement\n<ul>\n<li>Objectifs : gagner en productivit\u00e9 et automatisez vos t\u00e2ches, assistez vos professionnels de la formalisation du besoin \u00e0 la livraison du code<\/li>\n\n\n\n<li>Initiation \u00e0 l&#8217;IA conversationnelle pour r\u00e9diger vos US et \u00e9crire votre code<\/li>\n\n\n\n<li>Garder le contr\u00f4le en restant objectif sur les propositions de votre IA <\/li>\n\n\n\n<li>Choisi les bons outils agentiques et conversationnels<\/li>\n\n\n\n<li> B\u00e9n\u00e9fices : gagner du temps pour d\u00e9livrer vos produits et restez comp\u00e9titifs<\/li>\n<\/ul>\n<\/li>\n<\/ul>\n\n\n\n<p>Nos Formations sur mesure ou catalogue : <\/p>\n\n\n\n<ul>\n<li>Modalit\u00e9s : En pr\u00e9sentiel, et \u00e0 distance<\/li>\n\n\n\n<li>Formations Catalogue :\n<ul>\n<li>Formation Scrum Product Owner avec certifications scrum.org PSPO 1 &amp; 2<\/li>\n\n\n\n<li>Formation Scrum Master avec certification scrum.org PSM 1 &amp; 2<\/li>\n\n\n\n<li>Formation Scrum Developper  avec certification scrum.org PSD 1<\/li>\n\n\n\n<li>Formation Agilit\u00e9 et certification CCA Agilit\u00e9 niveau 1<\/li>\n\n\n\n<li>Formation  Kanban et certification CCA Kanban niveau 1<\/li>\n\n\n\n<li>Formation Management 3.0   <\/li>\n\n\n\n<li>Formation M\u00e9thode OKR<\/li>\n\n\n\n<li>Formation Gestion de Portefeuille Agile<\/li>\n<\/ul>\n<\/li>\n<\/ul>\n\n\n\n<p>Des outils pour l&#8217;animation des formations :<\/p>\n\n\n\n<ul>\n<li>Des outils pour animer vos formations, gagner du temps, et faciliter la p\u00e9dagogie de vos enseignements<\/li>\n\n\n\n<li>Des QCM d\u2019entrainement pour le passage de vos certifications Scrum.org et CCA Agilit\u00e9 et Kanban<\/li>\n\n\n\n<li>Des outils pour vos \u00e9quipes comme le Planning Poker, G\u00e9rer la Timebox<\/li>\n<\/ul>\n\n\n\n<p>Du contenu et des retours d&#8217;exp\u00e9rience<\/p>\n\n\n\n<ul>\n<li>Des articles avec des retours d\u2019exp\u00e9rience, des ateliers, des astuces \u2026 un Blog quoi!<\/li>\n<\/ul>\n\n\n\n<p>Formations et certifications Scrum.org pour les Product Owner, Scrum Masters, D\u00e9veloppeurs et Managers<\/p>\n\n\n\n<figure class=\"wp-block-gallery has-nested-images columns-default is-cropped wp-block-gallery-1 is-layout-flex\">\n<figure class=\"wp-block-image size-large\"><img decoding=\"async\" loading=\"lazy\" width=\"881\" height=\"1024\" src=\"https:\/\/opatou.com\/wp-content\/uploads\/2023\/06\/3-amigos-meeting-Kosc-Telecom-881x1024.png\" alt=\"Pr\u00e9paration d'un atelier 3 amigos meeting chez Kosc Telecom - Paris\" class=\"wp-image-315\" srcset=\"https:\/\/opatou.com\/wp-content\/uploads\/2023\/06\/3-amigos-meeting-Kosc-Telecom-881x1024.png 881w, https:\/\/opatou.com\/wp-content\/uploads\/2023\/06\/3-amigos-meeting-Kosc-Telecom-258x300.png 258w, https:\/\/opatou.com\/wp-content\/uploads\/2023\/06\/3-amigos-meeting-Kosc-Telecom-768x893.png 768w, https:\/\/opatou.com\/wp-content\/uploads\/2023\/06\/3-amigos-meeting-Kosc-Telecom-1321x1536.png 1321w, https:\/\/opatou.com\/wp-content\/uploads\/2023\/06\/3-amigos-meeting-Kosc-Telecom-1761x2048.png 1761w\" sizes=\"(max-width: 881px) 100vw, 881px\" \/><figcaption class=\"wp-element-caption\">R\u00e9trospective Mad Sad Glad<\/figcaption><\/figure>\n\n\n\n<figure class=\"wp-block-image size-large\"><img decoding=\"async\" loading=\"lazy\" width=\"1024\" height=\"740\" src=\"https:\/\/opatou.com\/wp-content\/uploads\/2023\/06\/Formation-Product-Owner-mur-de-post-its-1024x740.png\" alt=\"Formation Scrum Product Owner - Paris\" class=\"wp-image-318\" srcset=\"https:\/\/opatou.com\/wp-content\/uploads\/2023\/06\/Formation-Product-Owner-mur-de-post-its-1024x740.png 1024w, https:\/\/opatou.com\/wp-content\/uploads\/2023\/06\/Formation-Product-Owner-mur-de-post-its-300x217.png 300w, https:\/\/opatou.com\/wp-content\/uploads\/2023\/06\/Formation-Product-Owner-mur-de-post-its-768x555.png 768w, https:\/\/opatou.com\/wp-content\/uploads\/2023\/06\/Formation-Product-Owner-mur-de-post-its-1536x1110.png 1536w, https:\/\/opatou.com\/wp-content\/uploads\/2023\/06\/Formation-Product-Owner-mur-de-post-its-2048x1480.png 2048w\" sizes=\"(max-width: 1024px) 100vw, 1024px\" \/><figcaption class=\"wp-element-caption\">Formation Scrum Product Owner<\/figcaption><\/figure>\n\n\n\n<figure class=\"wp-block-image size-large\"><img decoding=\"async\" loading=\"lazy\" width=\"1007\" height=\"1024\" src=\"https:\/\/opatou.com\/wp-content\/uploads\/2023\/06\/Lego-4-Scrum-Ready-1007x1024.jpg\" alt=\"Formation Lego 4 Scrum \u00e0 l'\u00e9chelle : jusqu'\u00e0 40 participant sur 2 jours\" class=\"wp-image-319\" srcset=\"https:\/\/opatou.com\/wp-content\/uploads\/2023\/06\/Lego-4-Scrum-Ready-1007x1024.jpg 1007w, https:\/\/opatou.com\/wp-content\/uploads\/2023\/06\/Lego-4-Scrum-Ready-295x300.jpg 295w, https:\/\/opatou.com\/wp-content\/uploads\/2023\/06\/Lego-4-Scrum-Ready-768x781.jpg 768w, https:\/\/opatou.com\/wp-content\/uploads\/2023\/06\/Lego-4-Scrum-Ready-1510x1536.jpg 1510w, https:\/\/opatou.com\/wp-content\/uploads\/2023\/06\/Lego-4-Scrum-Ready-2014x2048.jpg 2014w\" sizes=\"(max-width: 1007px) 100vw, 1007px\" \/><figcaption class=\"wp-element-caption\">Formation Legos4Scrum @Scale &#8211; 1<\/figcaption><\/figure>\n\n\n\n<figure class=\"wp-block-image size-large\"><img decoding=\"async\" loading=\"lazy\" width=\"1024\" height=\"759\" src=\"https:\/\/opatou.com\/wp-content\/uploads\/2023\/06\/Lego-4-Scrum-Increment-1024x759.jpg\" alt=\"Livrable d'e la derni\u00e8re it\u00e9ration lors d'une session de formation Lego 4 Scrum \u00e0 l'\u00e9chelle \u00e0 Nantes\" class=\"wp-image-320\" srcset=\"https:\/\/opatou.com\/wp-content\/uploads\/2023\/06\/Lego-4-Scrum-Increment-1024x759.jpg 1024w, https:\/\/opatou.com\/wp-content\/uploads\/2023\/06\/Lego-4-Scrum-Increment-300x222.jpg 300w, https:\/\/opatou.com\/wp-content\/uploads\/2023\/06\/Lego-4-Scrum-Increment-768x569.jpg 768w, https:\/\/opatou.com\/wp-content\/uploads\/2023\/06\/Lego-4-Scrum-Increment-1536x1138.jpg 1536w, https:\/\/opatou.com\/wp-content\/uploads\/2023\/06\/Lego-4-Scrum-Increment-2048x1518.jpg 2048w\" sizes=\"(max-width: 1024px) 100vw, 1024px\" \/><figcaption class=\"wp-element-caption\">Formation Leago4Scrum @Scale-2<\/figcaption><\/figure>\n\n\n\n<figure class=\"wp-block-image size-large\"><img decoding=\"async\" loading=\"lazy\" width=\"909\" height=\"1024\" src=\"https:\/\/opatou.com\/wp-content\/uploads\/2023\/06\/Lego-4-Scrum-iteration-3-909x1024.jpg\" alt=\"Lego 4 Scrum  \u00e0 l'\u00e9chelle \u00e0 Paris sur le th\u00e8me des JO de Paris 2024\" class=\"wp-image-321\" srcset=\"https:\/\/opatou.com\/wp-content\/uploads\/2023\/06\/Lego-4-Scrum-iteration-3-909x1024.jpg 909w, https:\/\/opatou.com\/wp-content\/uploads\/2023\/06\/Lego-4-Scrum-iteration-3-266x300.jpg 266w, https:\/\/opatou.com\/wp-content\/uploads\/2023\/06\/Lego-4-Scrum-iteration-3-768x865.jpg 768w, https:\/\/opatou.com\/wp-content\/uploads\/2023\/06\/Lego-4-Scrum-iteration-3-1363x1536.jpg 1363w, https:\/\/opatou.com\/wp-content\/uploads\/2023\/06\/Lego-4-Scrum-iteration-3-1817x2048.jpg 1817w\" sizes=\"(max-width: 909px) 100vw, 909px\" \/><figcaption class=\"wp-element-caption\">Formation Legos4Scrum @Scale &#8211; 3 &#8211; JO 2024<\/figcaption><\/figure>\n\n\n\n<figure class=\"wp-block-image size-full\"><img decoding=\"async\" loading=\"lazy\" width=\"717\" height=\"619\" src=\"https:\/\/opatou.com\/wp-content\/uploads\/2023\/06\/fresque-Capgemini-BDX-2018-02-13-2.png\" alt=\"Affiche Lean et agile - DevOps, Jidoka et Scrum\" class=\"wp-image-322\" srcset=\"https:\/\/opatou.com\/wp-content\/uploads\/2023\/06\/fresque-Capgemini-BDX-2018-02-13-2.png 717w, https:\/\/opatou.com\/wp-content\/uploads\/2023\/06\/fresque-Capgemini-BDX-2018-02-13-2-300x259.png 300w\" sizes=\"(max-width: 717px) 100vw, 717px\" \/><figcaption class=\"wp-element-caption\">Affiche Lean IT et Agile<\/figcaption><\/figure>\n<\/figure>\n<\/div><\/div>\n","protected":false},"excerpt":{"rendered":"","protected":false},"author":1,"featured_media":25,"parent":0,"menu_order":0,"comment_status":"closed","ping_status":"closed","template":"","meta":{"om_disable_all_campaigns":false,"_monsterinsights_skip_tracking":false,"_monsterinsights_sitenote_active":false,"_monsterinsights_sitenote_note":"","_monsterinsights_sitenote_category":0},"aioseo_notices":[],"_links":{"self":[{"href":"https:\/\/opatou.com\/index.php\/wp-json\/wp\/v2\/pages\/35"}],"collection":[{"href":"https:\/\/opatou.com\/index.php\/wp-json\/wp\/v2\/pages"}],"about":[{"href":"https:\/\/opatou.com\/index.php\/wp-json\/wp\/v2\/types\/page"}],"author":[{"embeddable":true,"href":"https:\/\/opatou.com\/index.php\/wp-json\/wp\/v2\/users\/1"}],"replies":[{"embeddable":true,"href":"https:\/\/opatou.com\/index.php\/wp-json\/wp\/v2\/comments?post=35"}],"version-history":[{"count":10,"href":"https:\/\/opatou.com\/index.php\/wp-json\/wp\/v2\/pages\/35\/revisions"}],"predecessor-version":[{"id":407,"href":"https:\/\/opatou.com\/index.php\/wp-json\/wp\/v2\/pages\/35\/revisions\/407"}],"wp:featuredmedia":[{"embeddable":true,"href":"https:\/\/opatou.com\/index.php\/wp-json\/wp\/v2\/media\/25"}],"wp:attachment":[{"href":"https:\/\/opatou.com\/index.php\/wp-json\/wp\/v2\/media?parent=35"}],"curies":[{"name":"wp","href":"https:\/\/api.w.org\/{rel}","templated":true}]}}