{"id":303,"date":"2023-06-26T17:41:30","date_gmt":"2023-06-26T15:41:30","guid":{"rendered":"https:\/\/opatou.com\/?page_id=303"},"modified":"2023-06-26T17:41:31","modified_gmt":"2023-06-26T15:41:31","slug":"formation-leading-safe-certifiaction-safe-agilist","status":"publish","type":"page","link":"https:\/\/opatou.com\/index.php\/formation-leading-safe-certifiaction-safe-agilist\/","title":{"rendered":"Formation Leading SAFe &#8211; certifiaction SAFe Agilist"},"content":{"rendered":"\n<p>T\u00e9l\u00e9charger le Programme <a href=\"https:\/\/opatou.com\/wp-content\/uploads\/2023\/06\/Fiche-Programme-Safe-Agilist.pdf\" target=\"_blank\" rel=\"noopener\" title=\"Formation Leading SAFe - Certification SAFe Agilist 6.0\">Formation Leading SAFe &#8211; Certification SAFe Agilist 6.0<\/a><\/p>\n\n\n\n<p><strong><u>Titre de la Formation\u00a0:<\/u><\/strong>\u00a0 Leading SAFe\u00ae<\/p>\n\n\n\n<p><strong><u>Lieu de la formation&nbsp;:<\/u><\/strong> en pr\u00e9sentiel<\/p>\n\n\n\n<p><strong><u>Dur\u00e9e&nbsp;:<\/u><\/strong> 14h (2 jours)<\/p>\n\n\n\n<p><strong><u>Tarif&nbsp;:<\/u><\/strong> 1490 \u20ac HT<\/p>\n\n\n\n<p><strong><u>Public cible&nbsp;:<\/u><\/strong> Toute personne impliqu\u00e9e dans le passage \u00e0 l\u2019agilit\u00e9 \u00e0 l\u2019\u00e9chelle avec SAFe, Dirigeants, Directeur de programme, Manager, Product Owner et Product Managers, Scrum Master, Coaches agiles, Architectes d\u2019entreprise et fonctionnels, agents du changement, toute personne souhaitant d\u00e9couvrir un framework alliant principes de l\u2019agilit\u00e9 \u00e0 l\u2019\u00e9chelle et les principes du Lean<\/p>\n\n\n\n<p><strong><u>Pr\u00e9requis&nbsp;:<\/u><\/strong> Une connaissance des m\u00e9thodes agiles et Scrum. Avoir une exp\u00e9rience significative dans des contextes de d\u00e9veloppement. Le passage de la certification n\u00e9cessite un bon niveau d\u2019anglais.<\/p>\n\n\n\n<p><strong><u>Objectifs&nbsp;:<\/u><\/strong><\/p>\n\n\n\n<ul>\n<li>Comprendre comment mettre en place et soutenir une d\u00e9marche de transformation vers l\u2019agilit\u00e9 avec SAFe<\/li>\n\n\n\n<li>Comprendre comment devenir un Leader Lean-Agile<\/li>\n\n\n\n<li>D\u00e9couvrir les principes de gestion d\u2019un portefeuille Lean<\/li>\n\n\n\n<li>Comprendre le fonctionnement et les principes de synchronisation d\u2019un Agile Release Train<\/li>\n\n\n\n<li>Pr\u00e9parer son examen de certification SAFe\u00ae 6.0 &nbsp;Agilist<\/li>\n<\/ul>\n\n\n\n<p><strong><u>M\u00e9thode p\u00e9dagogique&nbsp;:<\/u><\/strong><\/p>\n\n\n\n<ul>\n<li>Ateliers et mise en pratique 35 %<\/li>\n\n\n\n<li>Th\u00e9orie 65 %<\/li>\n<\/ul>\n\n\n\n<p><strong><u>Programme&nbsp;:<\/u><\/strong><\/p>\n\n\n\n<p><strong>Cette formation est une pr\u00e9paration \u00e0 l\u2019examen de la certification Leading SAFe.<\/strong><\/p>\n\n\n\n<p>Apr\u00e8s avoir particip\u00e9 \u00e0 l\u2019int\u00e9gralit\u00e9 de la formation,&nbsp;<strong>les participants peuvent valider leur acquis en passant et en r\u00e9ussissant l\u2019examen pour obtenir la certification<\/strong>.<\/p>\n\n\n\n<p>Si le participant ne souhaite pas passer l&#8217;examen ou n\u2019obtient pas sa certification, il\/elle peut :<\/p>\n\n\n\n<ul>\n<li>payer un co\u00fbt suppl\u00e9mentaire pour repasser l\u2019examen ou obtenir une attestation de pr\u00e9sence \u00e0 la formation.<\/li>\n<\/ul>\n\n\n\n<p>Avant la formation<\/p>\n\n\n\n<p>Une premi\u00e8re \u00e9valuation sera r\u00e9alis\u00e9e, afin de permettre de connaitre le niveau de chaque stagiaire sur les principes, valeurs et pratiques Agile. Cela permettra au formateur ou \u00e0 la formatrice d&#8217;\u00e9valuer le niveau des stagiaires et d&#8217;adapter son cours en cons\u00e9quence.<\/p>\n\n\n\n<p>Pendant la formation<\/p>\n\n\n\n<p>Chaque module de la formation sera sanctionn\u00e9 par un quiz de validation des acquis, via une application digitale qui permettra une historisation des r\u00e9sultats qui seront ensuite transmis au stagiaire.<\/p>\n\n\n\n<p>A la fin de la formation<\/p>\n\n\n\n<p>Le formateur explique les modalit\u00e9s et d\u00e9tails pour le passage de la certification (tests blancs, ressources suppl\u00e9mentaires, taux de bonnes r\u00e9ponses pour r\u00e9ussir l\u2019examen, etc.).<\/p>\n\n\n\n<ul>\n<li>Formation dispens\u00e9e en Fran\u00e7ais (les formateurs parlent \u00e9galement Anglais)<\/li>\n\n\n\n<li>Mat\u00e9riel pour les exercices pratiques<\/li>\n\n\n\n<li>Plateformes et les outils utilis\u00e9s : Microsoft Teams, Zoom, Mural, Trello, Drive<\/li>\n\n\n\n<li>30 jours d\u2019acc\u00e8s \u00e0 la plateforme d\u2019e-learning de la certification SAFe, avec la possibilit\u00e9 de passer des examens blancs<\/li>\n\n\n\n<li>Un an d\u2019adh\u00e9sion et acc\u00e8s \u00e0 la plateforme communautaire SAFe<\/li>\n\n\n\n<li>Attestation de suivi de formation<\/li>\n<\/ul>\n\n\n\n<p><strong><u>Examen de certification SAFe Agilist<\/u><\/strong><\/p>\n\n\n\n<p>La formation SAFe SA donne acc\u00e8s \u00e0 la certification \u00ab&nbsp;SAFe AGILIST (SA)&nbsp;\u00bb de la Scaled Agile Academy. Les stagiaires re\u00e7oivent, \u00e0 l\u2019issue de la formation, un lien d\u2019acc\u00e8s au site de la Scaled Agile Academy, leur permettant de passer l\u2019examen de certification (QCM).<\/p>\n\n\n\n<p>Assister \u00e0 la formation n\u2019est pas suffisant pour \u00eatre certifi\u00e9, vous devez pour cela passer et r\u00e9ussir l\u2019examen de certification.<\/p>\n\n\n\n<p><strong>D\u00e9tails sur l\u2019examen<\/strong><\/p>\n\n\n\n<ul>\n<li>Nom : SAFe\u00ae 6 Agilist Exam<\/li>\n\n\n\n<li>Modalit\u00e9s : En ligne (web, navigateur unique), sans documentation, pas d\u2019aide ext\u00e9rieure, chronom\u00e9tr\u00e9.<\/li>\n\n\n\n<li>Acc\u00e8s : les candidats peuvent acc\u00e9der \u00e0 l\u2019examen via la plateforme de la communaut\u00e9 SAFe apr\u00e8s avoir assist\u00e9 \u00e0 l\u2019int\u00e9gralit\u00e9 de la formation Leading SAFe.<\/li>\n\n\n\n<li>Dur\u00e9e : une fois que l\u2019examen commence, les candidats ont 90 minutes (1h30) pour terminer l\u2019examen<\/li>\n\n\n\n<li>Nombre de questions : 45<\/li>\n\n\n\n<li>Score pour r\u00e9ussir l\u2019examen : 35 questions sur 45 (77%)<\/li>\n\n\n\n<li>Langue : Anglais<\/li>\n\n\n\n<li>Co\u00fbt : La premi\u00e8re tentative est incluse dans le tarif de la formation \u00e0 condition que l\u2019examen soit pass\u00e9 dans les 30 jours apr\u00e8s la fin de la formation. Chaque nouvelle tentative co\u00fbtera 50$.<\/li>\n\n\n\n<li>Politique de nouvelles tentatives : La seconde tentative peut \u00eatre effectu\u00e9e imm\u00e9diatement apr\u00e8s la premi\u00e8re tentative. La troisi\u00e8me tentative n\u00e9cessite d\u2019attendre 10 jours. La quatri\u00e8me tentative n\u00e9cessite d\u2019attendre 30 jours.<\/li>\n<\/ul>\n\n\n\n<p><strong>Ce que les participants obtiennent avec la certification<\/strong><\/p>\n\n\n\n<p>Devenir un(e) Agiliste certifi\u00e9(e) SAFe n\u00e9cessite un ensemble de comp\u00e9tences exceptionnelles et constitue un plan de carri\u00e8re pour de nombreux leaders.<\/p>\n\n\n\n<p><strong>La certification inclut :<\/strong><\/p>\n\n\n\n<ul>\n<li>Le certificat PDF Certified SAFe\u00ae Agilist<\/li>\n\n\n\n<li>Une adh\u00e9sion d\u2019un an \u00e0 la Plateforme de la communaut\u00e9 SAFe qui inclut \u00e9galement un acc\u00e8s \u00e0 la Communaut\u00e9 de Pratique SA (the SA Community of Practice)<\/li>\n\n\n\n<li>Un acc\u00e8s aux meetups de groupes et aux \u00e9v\u00e8nements pour vous connecter avec d\u2019autres professionnels certifi\u00e9s SAFe.<\/li>\n\n\n\n<li>Un ensemble de ressources d\u2019apprentissage vari\u00e9es pour vous accompagner dans votre parcours SAFe.<\/li>\n<\/ul>\n\n\n\n<h2 class=\"wp-block-heading\">Validation<\/h2>\n\n\n\n<p><strong>Ce que les participants obtiennent \u00e0 l&#8217;issue de la formation :<\/strong><\/p>\n\n\n\n<ul>\n<li>Un support de cours<\/li>\n\n\n\n<li>Une adh\u00e9sion d\u2019un an \u00e0 la SAFe Community Platform<\/li>\n\n\n\n<li>Un certificat attestant de la participation \u00e0 l&#8217;int\u00e9gralit\u00e9 de la formation<\/li>\n<\/ul>\n\n\n\n<p>Les participants doivent assister \u00e0 l\u2019int\u00e9gralit\u00e9 de la formation pour pouvoir \u00eatre \u00e9ligible \u00e0 passer l\u2019examen de certification.<\/p>\n","protected":false},"excerpt":{"rendered":"<p>T\u00e9l\u00e9charger le Programme Formation Leading SAFe &#8211; Certification SAFe Agilist 6.0 Titre de la Formation\u00a0:\u00a0 Leading SAFe\u00ae Lieu de la formation&nbsp;: en pr\u00e9sentiel Dur\u00e9e&nbsp;: 14h (2 jours) Tarif&nbsp;: 1490 \u20ac HT Public cible&nbsp;: Toute personne impliqu\u00e9e dans le passage \u00e0 l\u2019agilit\u00e9 \u00e0 l\u2019\u00e9chelle avec SAFe, Dirigeants, Directeur de programme, Manager, [&hellip;]<\/p>\n","protected":false},"author":4,"featured_media":0,"parent":0,"menu_order":0,"comment_status":"closed","ping_status":"closed","template":"","meta":{"om_disable_all_campaigns":false,"_monsterinsights_skip_tracking":false,"_monsterinsights_sitenote_active":false,"_monsterinsights_sitenote_note":"","_monsterinsights_sitenote_category":0},"aioseo_notices":[],"_links":{"self":[{"href":"https:\/\/opatou.com\/index.php\/wp-json\/wp\/v2\/pages\/303"}],"collection":[{"href":"https:\/\/opatou.com\/index.php\/wp-json\/wp\/v2\/pages"}],"about":[{"href":"https:\/\/opatou.com\/index.php\/wp-json\/wp\/v2\/types\/page"}],"author":[{"embeddable":true,"href":"https:\/\/opatou.com\/index.php\/wp-json\/wp\/v2\/users\/4"}],"replies":[{"embeddable":true,"href":"https:\/\/opatou.com\/index.php\/wp-json\/wp\/v2\/comments?post=303"}],"version-history":[{"count":2,"href":"https:\/\/opatou.com\/index.php\/wp-json\/wp\/v2\/pages\/303\/revisions"}],"predecessor-version":[{"id":307,"href":"https:\/\/opatou.com\/index.php\/wp-json\/wp\/v2\/pages\/303\/revisions\/307"}],"wp:attachment":[{"href":"https:\/\/opatou.com\/index.php\/wp-json\/wp\/v2\/media?parent=303"}],"curies":[{"name":"wp","href":"https:\/\/api.w.org\/{rel}","templated":true}]}}