{"id":265,"date":"2023-05-23T17:47:07","date_gmt":"2023-05-23T15:47:07","guid":{"rendered":"https:\/\/opatou.com\/?page_id=265"},"modified":"2023-05-23T17:47:07","modified_gmt":"2023-05-23T15:47:07","slug":"formation-scrum-master-certifie","status":"publish","type":"page","link":"https:\/\/opatou.com\/index.php\/formation-scrum-master-certifie\/","title":{"rendered":"Formation Scrum Master &#8211; Certifi\u00e9"},"content":{"rendered":"<div class=\"wp-block-image\">\n<figure class=\"aligncenter size-full is-resized\"><img decoding=\"async\" loading=\"lazy\" src=\"https:\/\/opatou.com\/wp-content\/uploads\/2023\/05\/psmi.png\" alt=\"\" class=\"wp-image-269\" width=\"140\" height=\"140\" srcset=\"https:\/\/opatou.com\/wp-content\/uploads\/2023\/05\/psmi.png 400w, https:\/\/opatou.com\/wp-content\/uploads\/2023\/05\/psmi-300x300.png 300w, https:\/\/opatou.com\/wp-content\/uploads\/2023\/05\/psmi-150x150.png 150w\" sizes=\"(max-width: 140px) 100vw, 140px\" \/><\/figure><\/div>\n\n\n<p>T\u00e9l\u00e9charger le Programme&nbsp;<a href=\"https:\/\/opatou.com\/wp-content\/uploads\/2023\/05\/Fiche-Programme-PSMI.pdf\" target=\"_blank\" rel=\"noreferrer noopener\">Formation Scrum Master \u2013 niveau 1<\/a><\/p>\n\n\n\n<p><strong><u>Prochaines sessions :<\/u><\/strong>&nbsp;9 et 10 octobre 2023<\/p>\n\n\n\n<p><strong><u>Dur\u00e9e&nbsp;:<\/u><\/strong>&nbsp;14h (en 2 jours ou en 4 demi-journ\u00e9es)<\/p>\n\n\n\n<p><strong><u>Public cible&nbsp;:<\/u><\/strong>&nbsp;Toute personne travaillant dans une \u00e9quipe en tant que Scrum Master ou amen\u00e9e \u00e0 le devenir, Membre d&#8217;une \u00e9quipe Scrum, Manager, Directeur, Chef de projet, Coach agile (\u2026)<\/p>\n\n\n\n<p><strong><u>Pr\u00e9requis&nbsp;:<\/u><\/strong>&nbsp;pas de pr\u00e9requis \u00e0 part avoir lu le Scrum Guide (http:\/\/scrumguides.org). La connaissance de l\u2019anglais est un plus pour passer la certification, m\u00eame si l\u2019utilisation d\u2019un traducteur de page est possible pendant l\u2019examen.<\/p>\n\n\n\n<p><strong><u>Objectifs&nbsp;:<\/u><\/strong><\/p>\n\n\n\n<ul>\n<li>Comprendre l\u2019\u00e9tat d\u2019esprit dans lequel fonctionnement les approches agiles,<\/li>\n\n\n\n<li>Connaitre le fonctionnement de Scrum&nbsp;: r\u00f4les, \u00e9v\u00e8nements, livrables,<\/li>\n\n\n\n<li>Savoir adopter la posture de coach pour d\u00e9velopper l&#8217;auto-organisation de l&#8217;\u00e9quipe et le leadeship<\/li>\n\n\n\n<li>Savoir adopter la posture de facilitateur pour tenir les \u00e9v\u00e8nements Scrum avec efficacit\u00e9<\/li>\n\n\n\n<li>Comprendre la puissance du Timeboxing des \u00e9v\u00e8nements, ateliers et r\u00e9unions<\/li>\n\n\n\n<li>Comprendre comment le Scrum Master travaille au service de l&#8217;\u00e9quipe Scrum, des d\u00e9veloppeurs, du Product Owner et de l&#8217;organisation<\/li>\n\n\n\n<li>Comprendre les d\u00e9finitions de Done et Ready<\/li>\n\n\n\n<li>Savoir animer des r\u00e9trospectives efficaces et varier les th\u00e9matiques<\/li>\n\n\n\n<li>Obtenir la certification Professional Scrum Master \u2013 niveau 1<\/li>\n<\/ul>\n\n\n\n<p><strong><u>M\u00e9thode p\u00e9dagogique&nbsp;:<\/u><\/strong><\/p>\n\n\n\n<ul>\n<li>Ateliers et mise en pratique 70 %<\/li>\n\n\n\n<li>Th\u00e9orie 30 %<\/li>\n<\/ul>\n\n\n\n<p><strong><u>Programme&nbsp;:<\/u><\/strong><\/p>\n\n\n\n<ul>\n<li>Accueil<\/li>\n\n\n\n<li>Recueil des attentes<\/li>\n\n\n\n<li>Manifeste agile, \u00e9tat d\u2019esprit agile, valeurs de Scrum<\/li>\n\n\n\n<li>Scrum vue d\u2019ensemble : r\u00f4les, c\u00e9r\u00e9monies, livrables, valeurs<\/li>\n\n\n\n<li>Le r\u00f4le du Scrum Master<\/li>\n\n\n\n<li>Les r\u00f4les du Product Owner, des D\u00e9veloppeurs et leurs interactions<\/li>\n\n\n\n<li>D\u00e9buter avec une nouveau Produit : Vision Produit, premier sprint<\/li>\n\n\n\n<li>Backlog de Produit, Backlog de Sprint et User Stories<\/li>\n\n\n\n<li>Priorisation du Product Backlog et Story Mapping<\/li>\n\n\n\n<li>Estimations relatives<\/li>\n\n\n\n<li>Sprint Planning<\/li>\n\n\n\n<li>Daily Scrum<\/li>\n\n\n\n<li>Sprint Review et la d\u00e9mo de l\u2019it\u00e9ration<\/li>\n\n\n\n<li>Sprint Retrospective<\/li>\n\n\n\n<li>Definition of Done et Definition of Ready<\/li>\n\n\n\n<li>Agilit\u00e9 \u00e0 l\u2019\u00e9chelle avec les grand principes de LeSS ou SAFe ou Nexus (selon les besoins des participants)<\/li>\n\n\n\n<li>QCM d\u2019entrainement aux certifications<\/li>\n<\/ul>\n\n\n\n<p><strong><u>Examen de certification Scrum.org<\/u><\/strong><\/p>\n\n\n\n<ul>\n<li>80 questions \u00e0 choix multiples en anglais sur le site Scrum.org<\/li>\n\n\n\n<li>Un code de passage de la certification sera remis au participant<\/li>\n\n\n\n<li>Dur\u00e9e 1h maximum<\/li>\n<\/ul>\n\n\n\n<p><strong><u>Tarif&nbsp;de lancement :<\/u><\/strong>&nbsp;1290 \u20ac HT<\/p>\n","protected":false},"excerpt":{"rendered":"<p>T\u00e9l\u00e9charger le Programme&nbsp;Formation Scrum Master \u2013 niveau 1 Prochaines sessions :&nbsp;9 et 10 octobre 2023 Dur\u00e9e&nbsp;:&nbsp;14h (en 2 jours ou en 4 demi-journ\u00e9es) Public cible&nbsp;:&nbsp;Toute personne travaillant dans une \u00e9quipe en tant que Scrum Master ou amen\u00e9e \u00e0 le devenir, Membre d&#8217;une \u00e9quipe Scrum, Manager, Directeur, Chef de projet, Coach [&hellip;]<\/p>\n","protected":false},"author":4,"featured_media":0,"parent":0,"menu_order":0,"comment_status":"closed","ping_status":"closed","template":"","meta":{"om_disable_all_campaigns":false,"_monsterinsights_skip_tracking":false,"_monsterinsights_sitenote_active":false,"_monsterinsights_sitenote_note":"","_monsterinsights_sitenote_category":0},"aioseo_notices":[],"_links":{"self":[{"href":"https:\/\/opatou.com\/index.php\/wp-json\/wp\/v2\/pages\/265"}],"collection":[{"href":"https:\/\/opatou.com\/index.php\/wp-json\/wp\/v2\/pages"}],"about":[{"href":"https:\/\/opatou.com\/index.php\/wp-json\/wp\/v2\/types\/page"}],"author":[{"embeddable":true,"href":"https:\/\/opatou.com\/index.php\/wp-json\/wp\/v2\/users\/4"}],"replies":[{"embeddable":true,"href":"https:\/\/opatou.com\/index.php\/wp-json\/wp\/v2\/comments?post=265"}],"version-history":[{"count":3,"href":"https:\/\/opatou.com\/index.php\/wp-json\/wp\/v2\/pages\/265\/revisions"}],"predecessor-version":[{"id":280,"href":"https:\/\/opatou.com\/index.php\/wp-json\/wp\/v2\/pages\/265\/revisions\/280"}],"wp:attachment":[{"href":"https:\/\/opatou.com\/index.php\/wp-json\/wp\/v2\/media?parent=265"}],"curies":[{"name":"wp","href":"https:\/\/api.w.org\/{rel}","templated":true}]}}