{"id":231,"date":"2023-05-18T15:25:57","date_gmt":"2023-05-18T13:25:57","guid":{"rendered":"http:\/\/opatou.com\/?page_id=231"},"modified":"2023-05-23T17:39:45","modified_gmt":"2023-05-23T15:39:45","slug":"formation-scrum-product-owner-certifie","status":"publish","type":"page","link":"https:\/\/opatou.com\/index.php\/formation-scrum-product-owner-certifie\/","title":{"rendered":"Formation Scrum Product Owner &#8211; Certifi\u00e9"},"content":{"rendered":"<div class=\"wp-block-image\">\n<figure class=\"aligncenter size-full is-resized\"><img decoding=\"async\" loading=\"lazy\" src=\"https:\/\/opatou.com\/wp-content\/uploads\/2023\/05\/image.png\" alt=\"\" class=\"wp-image-242\" width=\"141\" height=\"141\" srcset=\"https:\/\/opatou.com\/wp-content\/uploads\/2023\/05\/image.png 600w, https:\/\/opatou.com\/wp-content\/uploads\/2023\/05\/image-300x300.png 300w, https:\/\/opatou.com\/wp-content\/uploads\/2023\/05\/image-150x150.png 150w\" sizes=\"(max-width: 141px) 100vw, 141px\" \/><\/figure><\/div>\n\n\n<p>T\u00e9l\u00e9charger le Programme <a href=\"https:\/\/opatou.com\/wp-content\/uploads\/2023\/05\/Fiche-Programme-PSPOI.pdf\" data-type=\"attachment\" data-id=\"262\" target=\"_blank\" rel=\"noreferrer noopener\">Formation Scrum Product Owner &#8211; niveau 1<\/a> <\/p>\n\n\n\n<p><strong><u>Prochaines sessions :<\/u><\/strong>&nbsp;12 et 13 septembre 2023<\/p>\n\n\n\n<p><strong><u>Dur\u00e9e&nbsp;:<\/u><\/strong> 14h (en 2 jours ou en 4 demi-journ\u00e9es)<\/p>\n\n\n\n<p><strong><u>Public cible&nbsp;:<\/u><\/strong> Toute personne travaillant dans une \u00e9quipe en tant que Product Owner ou amen\u00e9e \u00e0 le devenir, Business Analyst dans une \u00e9quipe Scrum, partie prenante d\u2019une \u00e9quipe agile, Product Manager, Business Owner, chefs de projet, managers, maitrise d\u2019ouvrage (\u2026)<\/p>\n\n\n\n<p><strong><u>Pr\u00e9requis&nbsp;:<\/u><\/strong> pas de pr\u00e9requis \u00e0 part avoir lu le Scrum Guide (http:\/\/scrumguides.org). La connaissance de l\u2019anglais est un plus pour passer la certification, m\u00eame si l\u2019utilisation d\u2019un traducteur de page est possible pendant l\u2019examen.<\/p>\n\n\n\n<p><strong><u>Objectifs&nbsp;:<\/u><\/strong><\/p>\n\n\n\n<ul>\n<li>Comprendre l\u2019\u00e9tat d\u2019esprit dans lequel fonctionnement les approches agiles,<\/li>\n\n\n\n<li>Connaitre le fonctionnement de Scrum&nbsp;: r\u00f4les, \u00e9v\u00e8nements, livrables,<\/li>\n\n\n\n<li>Savoir cr\u00e9er la Vision Produit, prioriser un Product Backlog, r\u00e9diger les items du Backlog en User Stories avec des crit\u00e8res d\u2019acceptance<\/li>\n\n\n\n<li>Comprendre et formaliser les d\u00e9finitions de Done et Ready<\/li>\n\n\n\n<li>Travailler en agile avec ses clients, utilisateurs, les parties prenantes et avec l\u2019\u00e9quipe de d\u00e9veloppement et int\u00e9grer les feedbacks dans le Backlog de Produit<\/li>\n\n\n\n<li>Obtenir la certification Professional Scrum Product Owner \u2013 niveau 1<\/li>\n<\/ul>\n\n\n\n<p><strong><u>M\u00e9thode p\u00e9dagogique&nbsp;:<\/u><\/strong><\/p>\n\n\n\n<ul>\n<li>Ateliers et mise en pratique 70 %<\/li>\n\n\n\n<li>Th\u00e9orie 30 %<\/li>\n<\/ul>\n\n\n\n<p><strong><u>Programme&nbsp;:<\/u><\/strong><\/p>\n\n\n\n<ul>\n<li>Accueil<\/li>\n\n\n\n<li>Recueil des attentes<\/li>\n\n\n\n<li>Manifeste agile, \u00e9tat d\u2019esprit agile, valeurs de Scrum<\/li>\n\n\n\n<li>Scrum vue d\u2019ensemble : r\u00f4les, c\u00e9r\u00e9monies, livrables, valeurs<\/li>\n\n\n\n<li>Le r\u00f4le du Product Owner<\/li>\n\n\n\n<li>Les r\u00f4les du Scrum Master, des D\u00e9veloppeurs et leurs interactions<\/li>\n\n\n\n<li>Vision Produit, Product Goal<\/li>\n\n\n\n<li>Backlog de Produit, Backlog et User Stories<\/li>\n\n\n\n<li>Priorisation du Product Backlog<\/li>\n\n\n\n<li>Story Mapping<\/li>\n\n\n\n<li>Estimations relatives<\/li>\n\n\n\n<li>Sprint Planning<\/li>\n\n\n\n<li>Daily Scrum<\/li>\n\n\n\n<li>Sprint Review et la d\u00e9mo de l\u2019it\u00e9ration<\/li>\n\n\n\n<li>Sprint Retrospective<\/li>\n\n\n\n<li>Definition of Done et Definition of Ready<\/li>\n\n\n\n<li>Agilit\u00e9 \u00e0 l&#8217;\u00e9chelle avec LeSS, SAFe ou Nexus<\/li>\n\n\n\n<li>QCM d\u2019entrainement aux certifications<\/li>\n<\/ul>\n\n\n\n<p><strong><u>Examen de certification Scrum.org<\/u><\/strong><\/p>\n\n\n\n<ul>\n<li>80 questions \u00e0 choix multiples en anglais sur le site Scrum.org<\/li>\n\n\n\n<li>Un code de passage de la certification sera remis au participant<\/li>\n\n\n\n<li>Dur\u00e9e 1h maximum<\/li>\n<\/ul>\n\n\n\n<p><\/p>\n\n\n\n<p><strong><u>Tarif&nbsp;de lancement :<\/u><\/strong> 1290 \u20ac HT<\/p>\n\n\n<div class=\"wpforms-container wpforms-container-full wpforms-block wpforms-block-7f5fc8e4-0dca-4574-8a5d-0b3099dbb86f\" id=\"wpforms-236\"><form id=\"wpforms-form-236\" class=\"wpforms-validate wpforms-form wpforms-ajax-form\" data-formid=\"236\" method=\"post\" enctype=\"multipart\/form-data\" action=\"\/index.php\/wp-json\/wp\/v2\/pages\/231\" data-token=\"3b48ae14a920ab9677ea495f5cb2b727\"><noscript class=\"wpforms-error-noscript\">Please enable JavaScript in your browser to complete this form.<\/noscript><div class=\"wpforms-field-container\"><div id=\"wpforms-236-field_8-container\" class=\"wpforms-field wpforms-field-select wpforms-field-select-style-classic\" data-field-id=\"8\"><label class=\"wpforms-field-label\" for=\"wpforms-236-field_8\">A quelle formation souhaitez vous vous pr\u00e9-inscrire? <span class=\"wpforms-required-label\">*<\/span><\/label><select id=\"wpforms-236-field_8\" class=\"wpforms-field-medium wpforms-field-required\" name=\"wpforms[fields][8]\" required=\"required\"><option value=\"PSPO1 - Scrum Product Owner - niveau 1\" >PSPO1 &#8211; Scrum Product Owner &#8211; niveau 1<\/option><option value=\"PSM1 - Professional Scrum Master - niveau 1\" >PSM1 &#8211; Professional Scrum Master &#8211; niveau 1<\/option><option value=\"SA - SAFe 6.0 Agilist - Leading SAFe  \" >SA &#8211; SAFe 6.0 Agilist &#8211; Leading SAFe  <\/option><\/select><\/div><div id=\"wpforms-236-field_4-container\" class=\"wpforms-field wpforms-field-text\" data-field-id=\"4\"><label class=\"wpforms-field-label\" for=\"wpforms-236-field_4\">Votre Nom<\/label><input type=\"text\" id=\"wpforms-236-field_4\" class=\"wpforms-field-medium\" name=\"wpforms[fields][4]\" ><\/div><div id=\"wpforms-236-field_5-container\" class=\"wpforms-field wpforms-field-text\" data-field-id=\"5\"><label class=\"wpforms-field-label\" for=\"wpforms-236-field_5\">Votre Pr\u00e9nom<\/label><input type=\"text\" id=\"wpforms-236-field_5\" class=\"wpforms-field-medium\" name=\"wpforms[fields][5]\" ><\/div><div id=\"wpforms-236-field_6-container\" class=\"wpforms-field wpforms-field-email\" data-field-id=\"6\"><label class=\"wpforms-field-label\" for=\"wpforms-236-field_6\">E-mail <span class=\"wpforms-required-label\">*<\/span><\/label><input type=\"email\" id=\"wpforms-236-field_6\" class=\"wpforms-field-medium wpforms-field-required\" name=\"wpforms[fields][6]\" spellcheck=\"false\" required><\/div><div id=\"wpforms-236-field_7-container\" class=\"wpforms-field wpforms-field-text\" data-field-id=\"7\"><label class=\"wpforms-field-label\" for=\"wpforms-236-field_7\">Votre num\u00e9ro de t\u00e9l\u00e9phone &#8211; Nous rapellerons sur ce num\u00e9ro<\/label><input type=\"text\" id=\"wpforms-236-field_7\" class=\"wpforms-field-medium\" name=\"wpforms[fields][7]\" ><\/div><div id=\"wpforms-236-field_3-container\" class=\"wpforms-field wpforms-field-textarea\" data-field-id=\"3\"><label class=\"wpforms-field-label\" for=\"wpforms-236-field_3\">Demandes d&#039;informations compl\u00e9mentaires sur la formation<\/label><textarea id=\"wpforms-236-field_3\" class=\"wpforms-field-medium\" name=\"wpforms[fields][3]\" ><\/textarea><\/div><\/div><!-- .wpforms-field-container --><input type=\"hidden\" name=\"wpforms[recaptcha]\" value=\"\"><div class=\"wpforms-submit-container\" ><input type=\"hidden\" name=\"wpforms[id]\" value=\"236\"><input type=\"hidden\" name=\"wpforms[author]\" value=\"1\"><button type=\"submit\" name=\"wpforms[submit]\" id=\"wpforms-submit-236\" class=\"wpforms-submit\" data-alt-text=\"Envoi...\" data-submit-text=\"Envoyer\" aria-live=\"assertive\" value=\"wpforms-submit\">Envoyer<\/button><img decoding=\"async\" loading=\"lazy\" src=\"https:\/\/opatou.com\/wp-content\/plugins\/wpforms-lite\/assets\/images\/submit-spin.svg\" class=\"wpforms-submit-spinner\" style=\"display: none;\" width=\"26\" height=\"26\" alt=\"Loading\"><\/div><\/form><\/div>  <!-- .wpforms-container -->","protected":false},"excerpt":{"rendered":"<p>T\u00e9l\u00e9charger le Programme Formation Scrum Product Owner &#8211; niveau 1 Prochaines sessions :&nbsp;12 et 13 septembre 2023 Dur\u00e9e&nbsp;: 14h (en 2 jours ou en 4 demi-journ\u00e9es) Public cible&nbsp;: Toute personne travaillant dans une \u00e9quipe en tant que Product Owner ou amen\u00e9e \u00e0 le devenir, Business Analyst dans une \u00e9quipe Scrum, [&hellip;]<\/p>\n","protected":false},"author":1,"featured_media":0,"parent":0,"menu_order":0,"comment_status":"closed","ping_status":"closed","template":"","meta":{"om_disable_all_campaigns":false,"_monsterinsights_skip_tracking":false,"_monsterinsights_sitenote_active":false,"_monsterinsights_sitenote_note":"","_monsterinsights_sitenote_category":0},"aioseo_notices":[],"_links":{"self":[{"href":"https:\/\/opatou.com\/index.php\/wp-json\/wp\/v2\/pages\/231"}],"collection":[{"href":"https:\/\/opatou.com\/index.php\/wp-json\/wp\/v2\/pages"}],"about":[{"href":"https:\/\/opatou.com\/index.php\/wp-json\/wp\/v2\/types\/page"}],"author":[{"embeddable":true,"href":"https:\/\/opatou.com\/index.php\/wp-json\/wp\/v2\/users\/1"}],"replies":[{"embeddable":true,"href":"https:\/\/opatou.com\/index.php\/wp-json\/wp\/v2\/comments?post=231"}],"version-history":[{"count":12,"href":"https:\/\/opatou.com\/index.php\/wp-json\/wp\/v2\/pages\/231\/revisions"}],"predecessor-version":[{"id":305,"href":"https:\/\/opatou.com\/index.php\/wp-json\/wp\/v2\/pages\/231\/revisions\/305"}],"wp:attachment":[{"href":"https:\/\/opatou.com\/index.php\/wp-json\/wp\/v2\/media?parent=231"}],"curies":[{"name":"wp","href":"https:\/\/api.w.org\/{rel}","templated":true}]}}