{"id":226,"date":"2023-05-18T15:26:49","date_gmt":"2023-05-18T13:26:49","guid":{"rendered":"http:\/\/opatou.com\/?page_id=226"},"modified":"2023-10-25T19:10:11","modified_gmt":"2023-10-25T17:10:11","slug":"notre-catalogue-de-formations","status":"publish","type":"page","link":"https:\/\/opatou.com\/index.php\/notre-catalogue-de-formations\/","title":{"rendered":"Formation : Management et Gestion de Projets Agiles"},"content":{"rendered":"\n<p>Passez le cap et inscrivez vous \u00e0 nos formations professionnelles agiles sur Scrum et SAFe et profitez de <strong>l&#8217;<\/strong><em><strong>offre de lancement \u00e0 tarif pr\u00e9f\u00e9rentiel<\/strong><\/em>.<\/p>\n\n\n\n<p>Parce qu&#8217;on apprend mieux lorsqu&#8217;on exp\u00e9rimente, que l&#8217;on interagit avec les autres et que l&#8217;on varie les techniques d&#8217;apprentissage, nos formations sont inspirantes et fun avec des : <\/p>\n\n\n\n<ul>\n<li>ateliers sur la base de jeux s\u00e9rieux pour la mise en pratique,<\/li>\n\n\n\n<li>affiches dispos\u00e9es dans la salle pour remplacer les slides,<\/li>\n\n\n\n<li>retours d&#8217;exp\u00e9rience concrets et r\u00e9els,<\/li>\n\n\n\n<li>et un entrainement au passage des certifications.<\/li>\n<\/ul>\n\n\n\n<p><strong>Nos prochaines sessions :<\/strong><\/p>\n\n\n\n<p>En plus, nos formation vous pr\u00e9parent aux certifications les plus demand\u00e9es sur le march\u00e9 de l&#8217;agilit\u00e9 :<\/p>\n\n\n\n<figure class=\"wp-block-table\"><table><thead><tr><th>Formation<\/th><th>Dates<\/th><th>Lieux<\/th><\/tr><\/thead><tbody><tr><td>Scrum Product Owner &#8211; niveau 1 &#8211; certif. PSPOI<\/td><td>mi novembre 2023<\/td><td>Bordeaux M\u00e9tropole (lieu \u00e0 pr\u00e9ciser)<\/td><\/tr><tr><td>Scrum Master &#8211; niveau 1 &#8211; certif. PSMI<\/td><td>d\u00e9but 2024<\/td><td>Bordeaux M\u00e9tropole (lieu \u00e0 pr\u00e9ciser)<\/td><\/tr><tr><td>Leading SAFe 6.0 &#8211; certif SAFe Agilist 6.0<\/td><td>d\u00e9but 2024<\/td><td>Bordeaux M\u00e9tropole (lieu \u00e0 pr\u00e9ciser)T<\/td><\/tr><\/tbody><\/table><figcaption class=\"wp-element-caption\">Tableau des sessions de formations planifi\u00e9es<\/figcaption><\/figure>\n\n\n\n<p> En plus nos formations vous pr\u00e9parent aux certifications les plus reconnues et les plus demand\u00e9es sur le march\u00e9 de l&#8217;agilit\u00e9 :<\/p>\n\n\n\n<ul>\n<li>Nos certifications Product Owner, Scrum Master et Scrum Developer sont d\u00e9livr\u00e9es par <a href=\"http:\/\/scrum.org\/\">Scrum.org<\/a>,<\/li>\n\n\n\n<li>Nos certifications SAFe sont d\u00e9livr\u00e9es par <a href=\"https:\/\/scaledagile.com\/\" target=\"_blank\" rel=\"noreferrer noopener\">Scaledagile.com<\/a>.<\/li>\n<\/ul>\n\n\n\n<p><strong>Les programmes d\u00e9taill\u00e9s de nos formations<\/strong> :<\/p>\n\n\n\n<div class=\"wp-block-columns is-layout-flex wp-container-6\">\n<div class=\"wp-block-column is-layout-flow\" style=\"flex-basis:100%\">\n<div class=\"wp-block-group is-content-justification-space-between is-nowrap is-layout-flex wp-container-4\">\n<div class=\"wp-block-buttons is-layout-flex\">\n<div class=\"wp-block-button\"><a class=\"wp-block-button__link wp-element-button\" href=\"https:\/\/opatou.com\/index.php\/formation-leading-safe-certifiaction-safe-agilist\/\">SAFe<strong>\u00ae<\/strong> Agilist<\/a><\/div>\n<\/div>\n\n\n\n<div class=\"wp-block-buttons is-layout-flex\">\n<div class=\"wp-block-button\"><a class=\"wp-block-button__link wp-element-button\" href=\"https:\/\/opatou.com\/index.php\/formation-scrum-product-owner-certifie\/\">Devenir Product Owner <\/a><\/div>\n<\/div>\n\n\n\n<div class=\"wp-block-buttons is-layout-flex\">\n<div class=\"wp-block-button\"><a class=\"wp-block-button__link wp-element-button\" href=\"https:\/\/opatou.com\/index.php\/formation-scrum-master-certifie\/\">Devenir Scrum Master<\/a><\/div>\n<\/div>\n<\/div>\n<\/div>\n<\/div>\n\n\n\n<figure class=\"wp-block-table\"><table><tbody><tr><td><img decoding=\"async\" loading=\"lazy\" src=\"https:\/\/opatou.com\/wp-content\/uploads\/2023\/10\/etoile-scaled.jpg\" alt=\"\u00e9toile - niveau de satisfaction global annuel\" width=\"128px\" height=\"128px\"><\/td><td><b>Avis client 4,53 \/ 5<\/b><br>sur 2 formations et 23 participants autours des th\u00e9matiques de l&#8217;agilit\u00e9 et de Scrum (pour IB Cegos et l&#8217;INSEEC)<\/td><\/tr><\/tbody><\/table><\/figure>\n\n\n\n<p><strong><em>100 % des participants recommandent nos formations!<\/em><\/strong><\/p>\n\n\n\n<figure class=\"wp-block-gallery has-nested-images columns-default is-cropped wp-block-gallery-7 is-layout-flex\">\n<figure class=\"wp-block-image size-large\"><img decoding=\"async\" loading=\"lazy\" width=\"768\" height=\"1024\" data-id=\"368\"  src=\"https:\/\/opatou.com\/wp-content\/uploads\/2023\/10\/LEGO4SCRUM-WORKING-2023-768x1024.jpg\" alt=\"\" class=\"wp-image-368\" srcset=\"https:\/\/opatou.com\/wp-content\/uploads\/2023\/10\/LEGO4SCRUM-WORKING-2023-768x1024.jpg 768w, https:\/\/opatou.com\/wp-content\/uploads\/2023\/10\/LEGO4SCRUM-WORKING-2023-225x300.jpg 225w, https:\/\/opatou.com\/wp-content\/uploads\/2023\/10\/LEGO4SCRUM-WORKING-2023-1152x1536.jpg 1152w, https:\/\/opatou.com\/wp-content\/uploads\/2023\/10\/LEGO4SCRUM-WORKING-2023-1536x2048.jpg 1536w, https:\/\/opatou.com\/wp-content\/uploads\/2023\/10\/LEGO4SCRUM-WORKING-2023-scaled.jpg 1920w\" sizes=\"(max-width: 768px) 100vw, 768px\" \/><\/figure>\n\n\n\n<figure class=\"wp-block-image size-large\"><img decoding=\"async\" loading=\"lazy\" width=\"1024\" height=\"768\" data-id=\"367\"  src=\"https:\/\/opatou.com\/wp-content\/uploads\/2023\/10\/lego4Scrum-Fixing-1024x768.jpg\" alt=\"\" class=\"wp-image-367\" srcset=\"https:\/\/opatou.com\/wp-content\/uploads\/2023\/10\/lego4Scrum-Fixing-1024x768.jpg 1024w, https:\/\/opatou.com\/wp-content\/uploads\/2023\/10\/lego4Scrum-Fixing-300x225.jpg 300w, https:\/\/opatou.com\/wp-content\/uploads\/2023\/10\/lego4Scrum-Fixing-768x576.jpg 768w, https:\/\/opatou.com\/wp-content\/uploads\/2023\/10\/lego4Scrum-Fixing-1536x1152.jpg 1536w, https:\/\/opatou.com\/wp-content\/uploads\/2023\/10\/lego4Scrum-Fixing-2048x1536.jpg 2048w\" sizes=\"(max-width: 1024px) 100vw, 1024px\" \/><\/figure>\n\n\n\n<figure class=\"wp-block-image size-large\"><img decoding=\"async\" loading=\"lazy\" width=\"1024\" height=\"768\" data-id=\"366\"  src=\"https:\/\/opatou.com\/wp-content\/uploads\/2023\/10\/lego4scrum-documenting-1024x768.jpg\" alt=\"\" class=\"wp-image-366\" srcset=\"https:\/\/opatou.com\/wp-content\/uploads\/2023\/10\/lego4scrum-documenting-1024x768.jpg 1024w, https:\/\/opatou.com\/wp-content\/uploads\/2023\/10\/lego4scrum-documenting-300x225.jpg 300w, https:\/\/opatou.com\/wp-content\/uploads\/2023\/10\/lego4scrum-documenting-768x576.jpg 768w, https:\/\/opatou.com\/wp-content\/uploads\/2023\/10\/lego4scrum-documenting-1536x1152.jpg 1536w, https:\/\/opatou.com\/wp-content\/uploads\/2023\/10\/lego4scrum-documenting-2048x1536.jpg 2048w\" sizes=\"(max-width: 1024px) 100vw, 1024px\" \/><\/figure>\n\n\n\n<figure class=\"wp-block-image size-large\"><img decoding=\"async\" loading=\"lazy\" width=\"1024\" height=\"768\" data-id=\"365\"  src=\"https:\/\/opatou.com\/wp-content\/uploads\/2023\/10\/lego4Scrum-increment-done-1024x768.jpg\" alt=\"\" class=\"wp-image-365\" srcset=\"https:\/\/opatou.com\/wp-content\/uploads\/2023\/10\/lego4Scrum-increment-done-1024x768.jpg 1024w, https:\/\/opatou.com\/wp-content\/uploads\/2023\/10\/lego4Scrum-increment-done-300x225.jpg 300w, https:\/\/opatou.com\/wp-content\/uploads\/2023\/10\/lego4Scrum-increment-done-768x576.jpg 768w, https:\/\/opatou.com\/wp-content\/uploads\/2023\/10\/lego4Scrum-increment-done-1536x1152.jpg 1536w, https:\/\/opatou.com\/wp-content\/uploads\/2023\/10\/lego4Scrum-increment-done-2048x1536.jpg 2048w\" sizes=\"(max-width: 1024px) 100vw, 1024px\" \/><\/figure>\n\n\n\n<figure class=\"wp-block-image size-large\"><img decoding=\"async\" loading=\"lazy\" width=\"1024\" height=\"768\" data-id=\"364\"  src=\"https:\/\/opatou.com\/wp-content\/uploads\/2023\/10\/formation-ROTI-jour-2-1024x768.jpg\" alt=\"\" class=\"wp-image-364\" srcset=\"https:\/\/opatou.com\/wp-content\/uploads\/2023\/10\/formation-ROTI-jour-2-1024x768.jpg 1024w, https:\/\/opatou.com\/wp-content\/uploads\/2023\/10\/formation-ROTI-jour-2-300x225.jpg 300w, https:\/\/opatou.com\/wp-content\/uploads\/2023\/10\/formation-ROTI-jour-2-768x576.jpg 768w, https:\/\/opatou.com\/wp-content\/uploads\/2023\/10\/formation-ROTI-jour-2-1536x1152.jpg 1536w, https:\/\/opatou.com\/wp-content\/uploads\/2023\/10\/formation-ROTI-jour-2-2048x1536.jpg 2048w\" sizes=\"(max-width: 1024px) 100vw, 1024px\" \/><\/figure>\n\n\n\n<figure class=\"wp-block-image size-large\"><img decoding=\"async\" loading=\"lazy\" width=\"1024\" height=\"692\" data-id=\"359\"  src=\"https:\/\/opatou.com\/wp-content\/uploads\/2023\/10\/valeurs-agiles-et-scrum-1024x692.jpg\" alt=\"\" class=\"wp-image-359\" srcset=\"https:\/\/opatou.com\/wp-content\/uploads\/2023\/10\/valeurs-agiles-et-scrum-1024x692.jpg 1024w, https:\/\/opatou.com\/wp-content\/uploads\/2023\/10\/valeurs-agiles-et-scrum-300x203.jpg 300w, https:\/\/opatou.com\/wp-content\/uploads\/2023\/10\/valeurs-agiles-et-scrum-768x519.jpg 768w, https:\/\/opatou.com\/wp-content\/uploads\/2023\/10\/valeurs-agiles-et-scrum-1536x1038.jpg 1536w, https:\/\/opatou.com\/wp-content\/uploads\/2023\/10\/valeurs-agiles-et-scrum-2048x1384.jpg 2048w\" sizes=\"(max-width: 1024px) 100vw, 1024px\" \/><\/figure>\n\n\n\n<figure class=\"wp-block-image size-large\"><img decoding=\"async\" loading=\"lazy\" width=\"768\" height=\"1024\" data-id=\"362\"  src=\"https:\/\/opatou.com\/wp-content\/uploads\/2023\/10\/Affiche-Product-Owner-768x1024.jpg\" alt=\"\" class=\"wp-image-362\" srcset=\"https:\/\/opatou.com\/wp-content\/uploads\/2023\/10\/Affiche-Product-Owner-768x1024.jpg 768w, https:\/\/opatou.com\/wp-content\/uploads\/2023\/10\/Affiche-Product-Owner-225x300.jpg 225w, https:\/\/opatou.com\/wp-content\/uploads\/2023\/10\/Affiche-Product-Owner-1152x1536.jpg 1152w, https:\/\/opatou.com\/wp-content\/uploads\/2023\/10\/Affiche-Product-Owner-1536x2048.jpg 1536w, https:\/\/opatou.com\/wp-content\/uploads\/2023\/10\/Affiche-Product-Owner-scaled.jpg 1920w\" sizes=\"(max-width: 768px) 100vw, 768px\" \/><\/figure>\n\n\n\n<figure class=\"wp-block-image size-large\"><img decoding=\"async\" loading=\"lazy\" width=\"768\" height=\"1024\" data-id=\"363\"  src=\"https:\/\/opatou.com\/wp-content\/uploads\/2023\/10\/affiche-Scrum-768x1024.jpg\" alt=\"\" class=\"wp-image-363\" srcset=\"https:\/\/opatou.com\/wp-content\/uploads\/2023\/10\/affiche-Scrum-768x1024.jpg 768w, https:\/\/opatou.com\/wp-content\/uploads\/2023\/10\/affiche-Scrum-225x300.jpg 225w, https:\/\/opatou.com\/wp-content\/uploads\/2023\/10\/affiche-Scrum-1152x1536.jpg 1152w, https:\/\/opatou.com\/wp-content\/uploads\/2023\/10\/affiche-Scrum-1536x2048.jpg 1536w, https:\/\/opatou.com\/wp-content\/uploads\/2023\/10\/affiche-Scrum-scaled.jpg 1920w\" sizes=\"(max-width: 768px) 100vw, 768px\" \/><\/figure>\n\n\n\n<figure class=\"wp-block-image size-large\"><img decoding=\"async\" loading=\"lazy\" width=\"717\" height=\"619\" data-id=\"322\"  src=\"https:\/\/opatou.com\/wp-content\/uploads\/2023\/06\/fresque-Capgemini-BDX-2018-02-13-2.png\" alt=\"\" class=\"wp-image-322\" srcset=\"https:\/\/opatou.com\/wp-content\/uploads\/2023\/06\/fresque-Capgemini-BDX-2018-02-13-2.png 717w, https:\/\/opatou.com\/wp-content\/uploads\/2023\/06\/fresque-Capgemini-BDX-2018-02-13-2-300x259.png 300w\" sizes=\"(max-width: 717px) 100vw, 717px\" \/><\/figure>\n\n\n\n<figure class=\"wp-block-image size-large\"><img decoding=\"async\" loading=\"lazy\" width=\"909\" height=\"1024\" data-id=\"321\"  src=\"https:\/\/opatou.com\/wp-content\/uploads\/2023\/06\/Lego-4-Scrum-iteration-3-909x1024.jpg\" alt=\"\" class=\"wp-image-321\" srcset=\"https:\/\/opatou.com\/wp-content\/uploads\/2023\/06\/Lego-4-Scrum-iteration-3-909x1024.jpg 909w, https:\/\/opatou.com\/wp-content\/uploads\/2023\/06\/Lego-4-Scrum-iteration-3-266x300.jpg 266w, https:\/\/opatou.com\/wp-content\/uploads\/2023\/06\/Lego-4-Scrum-iteration-3-768x865.jpg 768w, https:\/\/opatou.com\/wp-content\/uploads\/2023\/06\/Lego-4-Scrum-iteration-3-1363x1536.jpg 1363w, https:\/\/opatou.com\/wp-content\/uploads\/2023\/06\/Lego-4-Scrum-iteration-3-1817x2048.jpg 1817w\" sizes=\"(max-width: 909px) 100vw, 909px\" \/><\/figure>\n\n\n\n<figure class=\"wp-block-image size-large\"><img decoding=\"async\" loading=\"lazy\" width=\"1024\" height=\"759\" data-id=\"320\"  src=\"https:\/\/opatou.com\/wp-content\/uploads\/2023\/06\/Lego-4-Scrum-Increment-1024x759.jpg\" alt=\"\" class=\"wp-image-320\" srcset=\"https:\/\/opatou.com\/wp-content\/uploads\/2023\/06\/Lego-4-Scrum-Increment-1024x759.jpg 1024w, https:\/\/opatou.com\/wp-content\/uploads\/2023\/06\/Lego-4-Scrum-Increment-300x222.jpg 300w, https:\/\/opatou.com\/wp-content\/uploads\/2023\/06\/Lego-4-Scrum-Increment-768x569.jpg 768w, https:\/\/opatou.com\/wp-content\/uploads\/2023\/06\/Lego-4-Scrum-Increment-1536x1138.jpg 1536w, https:\/\/opatou.com\/wp-content\/uploads\/2023\/06\/Lego-4-Scrum-Increment-2048x1518.jpg 2048w\" sizes=\"(max-width: 1024px) 100vw, 1024px\" \/><\/figure>\n\n\n\n<figure class=\"wp-block-image size-large\"><img decoding=\"async\" loading=\"lazy\" width=\"1024\" height=\"740\" data-id=\"318\"  src=\"https:\/\/opatou.com\/wp-content\/uploads\/2023\/06\/Formation-Product-Owner-mur-de-post-its-1024x740.png\" alt=\"Formation Scrum Product Owner - Paris\" class=\"wp-image-318\" srcset=\"https:\/\/opatou.com\/wp-content\/uploads\/2023\/06\/Formation-Product-Owner-mur-de-post-its-1024x740.png 1024w, https:\/\/opatou.com\/wp-content\/uploads\/2023\/06\/Formation-Product-Owner-mur-de-post-its-300x217.png 300w, https:\/\/opatou.com\/wp-content\/uploads\/2023\/06\/Formation-Product-Owner-mur-de-post-its-768x555.png 768w, https:\/\/opatou.com\/wp-content\/uploads\/2023\/06\/Formation-Product-Owner-mur-de-post-its-1536x1110.png 1536w, https:\/\/opatou.com\/wp-content\/uploads\/2023\/06\/Formation-Product-Owner-mur-de-post-its-2048x1480.png 2048w\" sizes=\"(max-width: 1024px) 100vw, 1024px\" \/><\/figure>\n\n\n\n<figure class=\"wp-block-image size-large\"><img decoding=\"async\" loading=\"lazy\" width=\"1024\" height=\"553\" data-id=\"216\"  src=\"https:\/\/opatou.com\/wp-content\/uploads\/2023\/05\/IMG_20170712_122651-1024x553.jpg\" alt=\"\" class=\"wp-image-216\" srcset=\"https:\/\/opatou.com\/wp-content\/uploads\/2023\/05\/IMG_20170712_122651-1024x553.jpg 1024w, https:\/\/opatou.com\/wp-content\/uploads\/2023\/05\/IMG_20170712_122651-300x162.jpg 300w, https:\/\/opatou.com\/wp-content\/uploads\/2023\/05\/IMG_20170712_122651-768x415.jpg 768w, https:\/\/opatou.com\/wp-content\/uploads\/2023\/05\/IMG_20170712_122651-1536x830.jpg 1536w, https:\/\/opatou.com\/wp-content\/uploads\/2023\/05\/IMG_20170712_122651-2048x1107.jpg 2048w\" sizes=\"(max-width: 1024px) 100vw, 1024px\" \/><\/figure>\n\n\n\n<figure class=\"wp-block-image size-large\"><img decoding=\"async\" loading=\"lazy\" width=\"582\" height=\"585\" data-id=\"182\"  src=\"https:\/\/opatou.com\/wp-content\/uploads\/2014\/02\/r-C3-A9trospective-C3-A9toile-de-mer-olivier-Picaud-1.jpg\" alt=\"\" class=\"wp-image-182\" srcset=\"https:\/\/opatou.com\/wp-content\/uploads\/2014\/02\/r-C3-A9trospective-C3-A9toile-de-mer-olivier-Picaud-1.jpg 582w, https:\/\/opatou.com\/wp-content\/uploads\/2014\/02\/r-C3-A9trospective-C3-A9toile-de-mer-olivier-Picaud-1-298x300.jpg 298w, https:\/\/opatou.com\/wp-content\/uploads\/2014\/02\/r-C3-A9trospective-C3-A9toile-de-mer-olivier-Picaud-1-150x150.jpg 150w\" sizes=\"(max-width: 582px) 100vw, 582px\" \/><\/figure>\n\n\n\n<figure class=\"wp-block-image size-large\"><img decoding=\"async\" loading=\"lazy\" width=\"391\" height=\"225\" data-id=\"204\"  src=\"https:\/\/opatou.com\/wp-content\/uploads\/2014\/04\/cropped-IMG_1231flout-C3-A9.jpg\" alt=\"\" class=\"wp-image-204\" srcset=\"https:\/\/opatou.com\/wp-content\/uploads\/2014\/04\/cropped-IMG_1231flout-C3-A9.jpg 391w, https:\/\/opatou.com\/wp-content\/uploads\/2014\/04\/cropped-IMG_1231flout-C3-A9-300x173.jpg 300w\" sizes=\"(max-width: 391px) 100vw, 391px\" \/><\/figure>\n\n\n\n<figure class=\"wp-block-image size-large\"><img decoding=\"async\" loading=\"lazy\" width=\"1024\" height=\"575\" data-id=\"161\"  src=\"https:\/\/opatou.com\/wp-content\/uploads\/2014\/04\/IMG_1221.jpg\" alt=\"\" class=\"wp-image-161\" srcset=\"https:\/\/opatou.com\/wp-content\/uploads\/2014\/04\/IMG_1221.jpg 1024w, https:\/\/opatou.com\/wp-content\/uploads\/2014\/04\/IMG_1221-300x168.jpg 300w, https:\/\/opatou.com\/wp-content\/uploads\/2014\/04\/IMG_1221-768x431.jpg 768w\" sizes=\"(max-width: 1024px) 100vw, 1024px\" \/><\/figure>\n\n\n\n<figure class=\"wp-block-image size-large\"><img decoding=\"async\" loading=\"lazy\" width=\"753\" height=\"1024\" data-id=\"125\"  src=\"https:\/\/opatou.com\/wp-content\/uploads\/2018\/01\/Agile-2BEstimating-2B-2526-2BPlanning.jpg\" alt=\"\" class=\"wp-image-125\" srcset=\"https:\/\/opatou.com\/wp-content\/uploads\/2018\/01\/Agile-2BEstimating-2B-2526-2BPlanning.jpg 753w, https:\/\/opatou.com\/wp-content\/uploads\/2018\/01\/Agile-2BEstimating-2B-2526-2BPlanning-221x300.jpg 221w\" sizes=\"(max-width: 753px) 100vw, 753px\" \/><\/figure>\n\n\n\n<figure class=\"wp-block-image size-large\"><img decoding=\"async\" loading=\"lazy\" width=\"1024\" height=\"503\" data-id=\"121\"  src=\"https:\/\/opatou.com\/wp-content\/uploads\/2018\/01\/squareGame.png\" alt=\"\" class=\"wp-image-121\" srcset=\"https:\/\/opatou.com\/wp-content\/uploads\/2018\/01\/squareGame.png 1024w, https:\/\/opatou.com\/wp-content\/uploads\/2018\/01\/squareGame-300x147.png 300w, https:\/\/opatou.com\/wp-content\/uploads\/2018\/01\/squareGame-768x377.png 768w\" sizes=\"(max-width: 1024px) 100vw, 1024px\" \/><\/figure>\n<\/figure>\n\n\n\n<p><strong><em><u>Commentaires : <\/u><\/em><\/strong><\/p>\n\n\n\n<p><strong>Ninon <\/strong>: <em>&#8220;Tr\u00e8s bon rythme et \u00e9quilibre th\u00e9orie\/pratique&#8221;<\/em><\/p>\n\n\n\n<p><strong>Margot <\/strong>: <em>&#8220;Oui, apr\u00e8s avoir fait 2 formations pendant mon premier master, je n&#8217;avais pas vu la th\u00e9orie mis en pratique de cette mani\u00e8re avec diff\u00e9rents ateliers. C&#8217;\u00e9tait vraiment tr\u00e8s int\u00e9ressant et enrichissant.&#8221;<\/em><\/p>\n\n\n\n<p><strong>Hugo <\/strong>: <em>&#8220;Rien \u00e0 dire, rien \u00e0 ajouter. Un \u00e9quilibre entre th\u00e9orie et pratique&#8221;<\/em><\/p>\n\n\n\n<p><strong>Julie <\/strong>: <em>&#8220;Merci a Olivier pour cette formation. Les r\u00e9sultats sont l\u00e0, toutes les personnes ayant pass\u00e9 la certification l&#8217;ont eue.&#8221;<\/em><\/p>\n","protected":false},"excerpt":{"rendered":"<p>Passez le cap et inscrivez vous \u00e0 nos formations professionnelles agiles sur Scrum et SAFe et profitez de l&#8217;offre de lancement \u00e0 tarif pr\u00e9f\u00e9rentiel. Parce qu&#8217;on apprend mieux lorsqu&#8217;on exp\u00e9rimente, que l&#8217;on interagit avec les autres et que l&#8217;on varie les techniques d&#8217;apprentissage, nos formations sont inspirantes et fun avec [&hellip;]<\/p>\n","protected":false},"author":1,"featured_media":0,"parent":0,"menu_order":0,"comment_status":"closed","ping_status":"closed","template":"page-templates\/template-page-sidebar.php","meta":{"om_disable_all_campaigns":false,"_monsterinsights_skip_tracking":false,"_monsterinsights_sitenote_active":false,"_monsterinsights_sitenote_note":"","_monsterinsights_sitenote_category":0},"aioseo_notices":[],"_links":{"self":[{"href":"https:\/\/opatou.com\/index.php\/wp-json\/wp\/v2\/pages\/226"}],"collection":[{"href":"https:\/\/opatou.com\/index.php\/wp-json\/wp\/v2\/pages"}],"about":[{"href":"https:\/\/opatou.com\/index.php\/wp-json\/wp\/v2\/types\/page"}],"author":[{"embeddable":true,"href":"https:\/\/opatou.com\/index.php\/wp-json\/wp\/v2\/users\/1"}],"replies":[{"embeddable":true,"href":"https:\/\/opatou.com\/index.php\/wp-json\/wp\/v2\/comments?post=226"}],"version-history":[{"count":34,"href":"https:\/\/opatou.com\/index.php\/wp-json\/wp\/v2\/pages\/226\/revisions"}],"predecessor-version":[{"id":387,"href":"https:\/\/opatou.com\/index.php\/wp-json\/wp\/v2\/pages\/226\/revisions\/387"}],"wp:attachment":[{"href":"https:\/\/opatou.com\/index.php\/wp-json\/wp\/v2\/media?parent=226"}],"curies":[{"name":"wp","href":"https:\/\/api.w.org\/{rel}","templated":true}]}}